{"id":1316,"date":"2017-10-16T04:10:26","date_gmt":"2017-10-16T04:10:26","guid":{"rendered":"http:\/\/ninzio.com\/startflow\/?page_id=1316"},"modified":"2021-10-25T09:17:54","modified_gmt":"2021-10-25T06:17:54","slug":"about-us","status":"publish","type":"page","link":"https:\/\/isimaktes.com\/?page_id=1316","title":{"rendered":"Hakk\u0131m\u0131zda"},"content":{"rendered":"<p>[vc_row][vc_column]\r\n\t<div class=\"startflow-spacer clearfix\" data-desktop=\"67\" data-mobi=\"60\" data-smobi=\"60\"><\/div>[\/vc_column][\/vc_row][vc_row img_halfrow=&#8221;parallax&#8221; halfrow_image=&#8221;10402&#8243; img_columns=&#8221;6columns&#8221; img_position=&#8221;imgright&#8221; image_video=&#8221;https:\/\/www.youtube.com\/#&#8221;][vc_column width=&#8221;1\/2&#8243;]\r\n\t<div class=\"startflow-spacer clearfix\" data-desktop=\"73\" data-mobi=\"0\" data-smobi=\"0\"><\/div><div class=\"startflow-single-heading clearfix \" style=\"margin-bottom:20px;\"><span class=\"inner\"><span class=\"heading clearfix  accent\" style=\"font-size:20px;\">\r\n\t\tHakk\u0131m\u0131zda\r\n\t<\/span><\/span><\/div><div class=\"startflow-headings clearfix \"  style=\"\"><h2 class=\"heading clearfix \" style=\"margin-bottom:12px;\">\r\n\t\tM\u00fc\u015fteri talepleri do\u011frultusunda \u00e7\u00f6z\u00fcm odakl\u0131, kaliteli ve ekip \u00e7al\u0131\u015fmas\u0131 hizmet anlay\u0131\u015f\u0131n\u0131 benimsemektedir.\r\n\t<\/h2><p class=\"sub-heading clearfix\" style=\"font-style:normal;font-size:16px;line-height:29px;max-width:540px;\">\r\n\t\tIs\u0131tma Makina Tesisat San. ve Tic. Ltd. \u015eti. 1980 y\u0131l\u0131nda kurulan br\u00fcl\u00f6r teknik servis ve yedek par\u00e7a sat\u0131\u015f, kazan dairesi kurulum ve i\u015fletmecili\u011fi, do\u011falgaz boru tesisat\u0131, end\u00fcstriyel boru montaj\u0131, elektrik ve otomasyon sistemleri faaliyetlerini y\u00fcr\u00fcten end\u00fcstriyel m\u00fchendislik, i\u015fletme ve bak\u0131m firmas\u0131d\u0131r.\r\n\t<\/p><\/div>\r\n\t<div class=\"startflow-spacer clearfix\" data-desktop=\"45\" data-mobi=\"30\" data-smobi=\"30\"><\/div>[vc_row_inner column_inner_spacing=&#8221;50&#8243;][vc_column_inner width=&#8221;1\/2&#8243;]<div class=\"startflow-divider divider-center divider-solid\" style=\"border-top-color:#e7e7e7;margin-top:14px;margin-bottom:12px;\"><\/div><div class=\"clearfix\"><\/div><div class=\"startflow-text clearfix \" style=\"\"><p><strong>Vizyonumuz;\u00a0<\/strong>elektrik ve mekanik taahh\u00fct sekt\u00f6r\u00fcnde, planlama, uygulama ve performans uzmanl\u0131\u011f\u0131, taahh\u00fct sorumlulu\u011fu ve bilinci olan ekibi ile hizmet vererek, nitelikli yat\u0131r\u0131mc\u0131lar i\u00e7in aranan bir firma olmak.<\/p>\n<\/div>\r\n\t<div class=\"startflow-spacer clearfix\" data-desktop=\"0\" data-mobi=\"35\" data-smobi=\"35\"><\/div>[\/vc_column_inner][vc_column_inner width=&#8221;1\/2&#8243;]<div class=\"startflow-divider divider-center divider-solid\" style=\"border-top-color:#e7e7e7;margin-top:14px;margin-bottom:12px;\"><\/div><div class=\"clearfix\"><\/div><div class=\"startflow-text clearfix \" style=\"\"><p><strong>Misyonumuz; <\/strong>taahh\u00fct sekt\u00f6r\u00fcnde m\u00fc\u015fterilerimizin talepleri do\u011frultusunda ihtiya\u00e7lar\u0131n\u0131 kar\u015f\u0131lamak, zaman\u0131nda ve ba\u015far\u0131l\u0131 bir \u015fekilde taah\u00fct\u00fcm\u00fcz\u00fc ger\u00e7ekle\u015ftirmek, deneyimli ve yetkin ekibimizle en uygun \u00e7\u00f6z\u00fcm ve hizmeti sa\u011flamak.<\/p>\n<\/div>[\/vc_column_inner][\/vc_row_inner]\r\n\t<div class=\"startflow-spacer clearfix\" data-desktop=\"200\" data-mobi=\"60\" data-smobi=\"60\"><\/div>[\/vc_column][vc_column width=&#8221;1\/2&#8243;][\/vc_column][\/vc_row]<\/p>\n","protected":false},"excerpt":{"rendered":"<p>[vc_row][vc_column][\/vc_column][\/vc_row][vc_row img_halfrow=&#8221;parallax&#8221; halfrow_image=&#8221;10402&#8243; img_columns=&#8221;6columns&#8221; img_position=&#8221;imgright&#8221; image_video=&#8221;https:\/\/www.youtube.com\/#&#8221;][vc_column width=&#8221;1\/2&#8243;][vc_row_inner column_inner_spacing=&#8221;50&#8243;][vc_column_inner width=&#8221;1\/2&#8243;][\/vc_column_inner][vc_column_inner width=&#8221;1\/2&#8243;][\/vc_column_inner][\/vc_row_inner][\/vc_column][vc_column width=&#8221;1\/2&#8243;][\/vc_column][\/vc_row]<\/p>\n","protected":false},"author":1,"featured_media":0,"parent":0,"menu_order":0,"comment_status":"closed","ping_status":"closed","template":"","meta":{"footnotes":""},"class_list":["post-1316","page","type-page","status-publish","hentry"],"_links":{"self":[{"href":"https:\/\/isimaktes.com\/index.php?rest_route=\/wp\/v2\/pages\/1316","targetHints":{"allow":["GET"]}}],"collection":[{"href":"https:\/\/isimaktes.com\/index.php?rest_route=\/wp\/v2\/pages"}],"about":[{"href":"https:\/\/isimaktes.com\/index.php?rest_route=\/wp\/v2\/types\/page"}],"author":[{"embeddable":true,"href":"https:\/\/isimaktes.com\/index.php?rest_route=\/wp\/v2\/users\/1"}],"replies":[{"embeddable":true,"href":"https:\/\/isimaktes.com\/index.php?rest_route=%2Fwp%2Fv2%2Fcomments&post=1316"}],"version-history":[{"count":5,"href":"https:\/\/isimaktes.com\/index.php?rest_route=\/wp\/v2\/pages\/1316\/revisions"}],"predecessor-version":[{"id":17364,"href":"https:\/\/isimaktes.com\/index.php?rest_route=\/wp\/v2\/pages\/1316\/revisions\/17364"}],"wp:attachment":[{"href":"https:\/\/isimaktes.com\/index.php?rest_route=%2Fwp%2Fv2%2Fmedia&parent=1316"}],"curies":[{"name":"wp","href":"https:\/\/api.w.org\/{rel}","templated":true}]}}